{"id":10,"date":"2023-11-28T11:13:17","date_gmt":"2023-11-28T11:13:17","guid":{"rendered":"https:\/\/praktika1.ad2sky.com\/index.php\/my-account\/"},"modified":"2023-11-28T11:13:17","modified_gmt":"2023-11-28T11:13:17","slug":"my-account","status":"publish","type":"page","link":"https:\/\/praktika1.ad2sky.com\/en\/my-account\/","title":{"rendered":"My account"},"content":{"rendered":"<div class=\"woocommerce\"><\/div>","protected":false},"excerpt":{"rendered":"","protected":false},"author":1,"featured_media":0,"parent":0,"menu_order":0,"comment_status":"closed","ping_status":"closed","template":"","meta":{"footnotes":""},"class_list":["post-10","page","type-page","status-publish","hentry"],"yoast_head":"<!-- This site is optimized with the Yoast SEO plugin v23.1 - https:\/\/yoast.com\/wordpress\/plugins\/seo\/ -->\n<title>My account &#8211; Revoliucija Puodelyje \u2013 Prover\u017eis Gyvenime<\/title>\n<meta name=\"description\" content=\"Pakeisk savo rutin\u0105 su R\u00fdytas. funkcine kava, kitaip \u017einoma kaip gryb\u0173 kava. \u0160i kava, praturtinta gryb\u0173 ir \u017eoleli\u0173 ekstraktais, turin\u010diais nauding\u0173 savybi\u0173 k\u016bnui, ir yra puiki alternatyva tradicinei kavai \u2615\ufe0f\" \/>\n<meta name=\"robots\" content=\"index, follow, max-snippet:-1, max-image-preview:large, max-video-preview:-1\" \/>\n<link rel=\"canonical\" href=\"https:\/\/praktika1.ad2sky.com\/en\/my-account\/\" \/>\n<meta property=\"og:locale\" content=\"en_GB\" \/>\n<meta property=\"og:type\" content=\"article\" \/>\n<meta property=\"og:title\" content=\"My account &#8211; Revoliucija Puodelyje \u2013 Prover\u017eis Gyvenime\" \/>\n<meta property=\"og:description\" content=\"Pakeisk savo rutin\u0105 su R\u00fdytas. funkcine kava, kitaip \u017einoma kaip gryb\u0173 kava. \u0160i kava, praturtinta gryb\u0173 ir \u017eoleli\u0173 ekstraktais, turin\u010diais nauding\u0173 savybi\u0173 k\u016bnui, ir yra puiki alternatyva tradicinei kavai \u2615\ufe0f\" \/>\n<meta property=\"og:url\" content=\"https:\/\/praktika1.ad2sky.com\/en\/my-account\/\" \/>\n<meta property=\"og:site_name\" content=\"R\u00fdytas\" \/>\n<meta property=\"article:publisher\" content=\"https:\/\/www.facebook.com\/profile.php?id=61553926027294\" \/>\n<meta property=\"og:image\" content=\"https:\/\/praktika1.ad2sky.com\/wp-content\/uploads\/2024\/03\/profile.jpg\" \/>\n\t<meta property=\"og:image:width\" content=\"800\" \/>\n\t<meta property=\"og:image:height\" content=\"800\" \/>\n\t<meta property=\"og:image:type\" content=\"image\/jpeg\" \/>\n<meta name=\"twitter:card\" content=\"summary_large_image\" \/>\n<script type=\"application\/ld+json\" class=\"yoast-schema-graph\">{\"@context\":\"https:\/\/schema.org\",\"@graph\":[{\"@type\":\"WebPage\",\"@id\":\"https:\/\/praktika1.ad2sky.com\/my-account\/\",\"url\":\"https:\/\/praktika1.ad2sky.com\/my-account\/\",\"name\":\"My account &#8211; Revoliucija Puodelyje \u2013 Prover\u017eis Gyvenime\",\"isPartOf\":{\"@id\":\"https:\/\/praktika1.ad2sky.com\/#website\"},\"datePublished\":\"2023-11-28T11:13:17+00:00\",\"dateModified\":\"2023-11-28T11:13:17+00:00\",\"description\":\"Pakeisk savo rutin\u0105 su R\u00fdytas. funkcine kava, kitaip \u017einoma kaip gryb\u0173 kava. \u0160i kava, praturtinta gryb\u0173 ir \u017eoleli\u0173 ekstraktais, turin\u010diais nauding\u0173 savybi\u0173 k\u016bnui, ir yra puiki alternatyva tradicinei kavai \u2615\ufe0f\",\"breadcrumb\":{\"@id\":\"https:\/\/praktika1.ad2sky.com\/my-account\/#breadcrumb\"},\"inLanguage\":\"en-GB\",\"potentialAction\":[{\"@type\":\"ReadAction\",\"target\":[\"https:\/\/praktika1.ad2sky.com\/my-account\/\"]}]},{\"@type\":\"BreadcrumbList\",\"@id\":\"https:\/\/praktika1.ad2sky.com\/my-account\/#breadcrumb\",\"itemListElement\":[{\"@type\":\"ListItem\",\"position\":1,\"name\":\"Home\",\"item\":\"https:\/\/praktika1.ad2sky.com\/\"},{\"@type\":\"ListItem\",\"position\":2,\"name\":\"My account\"}]},{\"@type\":\"WebSite\",\"@id\":\"https:\/\/praktika1.ad2sky.com\/#website\",\"url\":\"https:\/\/praktika1.ad2sky.com\/\",\"name\":\"R\u00fdytas.\",\"description\":\"Revoliucija Puodelyje \u2013 Prover\u017eis Gyvenime\",\"publisher\":{\"@id\":\"https:\/\/praktika1.ad2sky.com\/#organization\"},\"potentialAction\":[{\"@type\":\"SearchAction\",\"target\":{\"@type\":\"EntryPoint\",\"urlTemplate\":\"https:\/\/praktika1.ad2sky.com\/?s={search_term_string}\"},\"query-input\":\"required name=search_term_string\"}],\"inLanguage\":\"en-GB\"},{\"@type\":\"Organization\",\"@id\":\"https:\/\/praktika1.ad2sky.com\/#organization\",\"name\":\"R\u00fdytas.\",\"url\":\"https:\/\/praktika1.ad2sky.com\/\",\"logo\":{\"@type\":\"ImageObject\",\"inLanguage\":\"en-GB\",\"@id\":\"https:\/\/praktika1.ad2sky.com\/#\/schema\/logo\/image\/\",\"url\":\"http:\/\/praktika1.ad2sky.com\/wp-content\/uploads\/2024\/04\/cropped-favicon.png\",\"contentUrl\":\"http:\/\/praktika1.ad2sky.com\/wp-content\/uploads\/2024\/04\/cropped-favicon.png\",\"width\":512,\"height\":512,\"caption\":\"R\u00fdytas.\"},\"image\":{\"@id\":\"https:\/\/praktika1.ad2sky.com\/#\/schema\/logo\/image\/\"},\"sameAs\":[\"https:\/\/www.facebook.com\/profile.php?id=61553926027294\",\"https:\/\/www.instagram.com\/ryytas_\/\"]}]}<\/script>\n<!-- \/ Yoast SEO plugin. -->","yoast_head_json":{"title":"My account &#8211; Revoliucija Puodelyje \u2013 Prover\u017eis Gyvenime","description":"Pakeisk savo rutin\u0105 su R\u00fdytas. funkcine kava, kitaip \u017einoma kaip gryb\u0173 kava. \u0160i kava, praturtinta gryb\u0173 ir \u017eoleli\u0173 ekstraktais, turin\u010diais nauding\u0173 savybi\u0173 k\u016bnui, ir yra puiki alternatyva tradicinei kavai \u2615\ufe0f","robots":{"index":"index","follow":"follow","max-snippet":"max-snippet:-1","max-image-preview":"max-image-preview:large","max-video-preview":"max-video-preview:-1"},"canonical":"https:\/\/praktika1.ad2sky.com\/en\/my-account\/","og_locale":"en_GB","og_type":"article","og_title":"My account &#8211; Revoliucija Puodelyje \u2013 Prover\u017eis Gyvenime","og_description":"Pakeisk savo rutin\u0105 su R\u00fdytas. funkcine kava, kitaip \u017einoma kaip gryb\u0173 kava. \u0160i kava, praturtinta gryb\u0173 ir \u017eoleli\u0173 ekstraktais, turin\u010diais nauding\u0173 savybi\u0173 k\u016bnui, ir yra puiki alternatyva tradicinei kavai \u2615\ufe0f","og_url":"https:\/\/praktika1.ad2sky.com\/en\/my-account\/","og_site_name":"R\u00fdytas","article_publisher":"https:\/\/www.facebook.com\/profile.php?id=61553926027294","og_image":[{"width":800,"height":800,"url":"https:\/\/praktika1.ad2sky.com\/wp-content\/uploads\/2024\/03\/profile.jpg","type":"image\/jpeg"}],"twitter_card":"summary_large_image","schema":{"@context":"https:\/\/schema.org","@graph":[{"@type":"WebPage","@id":"https:\/\/praktika1.ad2sky.com\/my-account\/","url":"https:\/\/praktika1.ad2sky.com\/my-account\/","name":"My account &#8211; Revoliucija Puodelyje \u2013 Prover\u017eis Gyvenime","isPartOf":{"@id":"https:\/\/praktika1.ad2sky.com\/#website"},"datePublished":"2023-11-28T11:13:17+00:00","dateModified":"2023-11-28T11:13:17+00:00","description":"Pakeisk savo rutin\u0105 su R\u00fdytas. funkcine kava, kitaip \u017einoma kaip gryb\u0173 kava. \u0160i kava, praturtinta gryb\u0173 ir \u017eoleli\u0173 ekstraktais, turin\u010diais nauding\u0173 savybi\u0173 k\u016bnui, ir yra puiki alternatyva tradicinei kavai \u2615\ufe0f","breadcrumb":{"@id":"https:\/\/praktika1.ad2sky.com\/my-account\/#breadcrumb"},"inLanguage":"en-GB","potentialAction":[{"@type":"ReadAction","target":["https:\/\/praktika1.ad2sky.com\/my-account\/"]}]},{"@type":"BreadcrumbList","@id":"https:\/\/praktika1.ad2sky.com\/my-account\/#breadcrumb","itemListElement":[{"@type":"ListItem","position":1,"name":"Home","item":"https:\/\/praktika1.ad2sky.com\/"},{"@type":"ListItem","position":2,"name":"My account"}]},{"@type":"WebSite","@id":"https:\/\/praktika1.ad2sky.com\/#website","url":"https:\/\/praktika1.ad2sky.com\/","name":"R\u00fdytas.","description":"Revoliucija Puodelyje \u2013 Prover\u017eis Gyvenime","publisher":{"@id":"https:\/\/praktika1.ad2sky.com\/#organization"},"potentialAction":[{"@type":"SearchAction","target":{"@type":"EntryPoint","urlTemplate":"https:\/\/praktika1.ad2sky.com\/?s={search_term_string}"},"query-input":"required name=search_term_string"}],"inLanguage":"en-GB"},{"@type":"Organization","@id":"https:\/\/praktika1.ad2sky.com\/#organization","name":"R\u00fdytas.","url":"https:\/\/praktika1.ad2sky.com\/","logo":{"@type":"ImageObject","inLanguage":"en-GB","@id":"https:\/\/praktika1.ad2sky.com\/#\/schema\/logo\/image\/","url":"http:\/\/praktika1.ad2sky.com\/wp-content\/uploads\/2024\/04\/cropped-favicon.png","contentUrl":"http:\/\/praktika1.ad2sky.com\/wp-content\/uploads\/2024\/04\/cropped-favicon.png","width":512,"height":512,"caption":"R\u00fdytas."},"image":{"@id":"https:\/\/praktika1.ad2sky.com\/#\/schema\/logo\/image\/"},"sameAs":["https:\/\/www.facebook.com\/profile.php?id=61553926027294","https:\/\/www.instagram.com\/ryytas_\/"]}]}},"_links":{"self":[{"href":"https:\/\/praktika1.ad2sky.com\/en\/wp-json\/wp\/v2\/pages\/10"}],"collection":[{"href":"https:\/\/praktika1.ad2sky.com\/en\/wp-json\/wp\/v2\/pages"}],"about":[{"href":"https:\/\/praktika1.ad2sky.com\/en\/wp-json\/wp\/v2\/types\/page"}],"author":[{"embeddable":true,"href":"https:\/\/praktika1.ad2sky.com\/en\/wp-json\/wp\/v2\/users\/1"}],"replies":[{"embeddable":true,"href":"https:\/\/praktika1.ad2sky.com\/en\/wp-json\/wp\/v2\/comments?post=10"}],"version-history":[{"count":0,"href":"https:\/\/praktika1.ad2sky.com\/en\/wp-json\/wp\/v2\/pages\/10\/revisions"}],"wp:attachment":[{"href":"https:\/\/praktika1.ad2sky.com\/en\/wp-json\/wp\/v2\/media?parent=10"}],"curies":[{"name":"wp","href":"https:\/\/api.w.org\/{rel}","templated":true}]}}