{"id":15711,"date":"2023-12-01T09:32:21","date_gmt":"2023-12-01T07:32:21","guid":{"rendered":"https:\/\/praktika1.ad2sky.com\/?page_id=15711"},"modified":"2024-07-10T16:23:08","modified_gmt":"2024-07-10T13:23:08","slug":"prekiu-pirkimo-pardavimo-taisykles","status":"publish","type":"page","link":"https:\/\/praktika1.ad2sky.com\/en\/prekiu-pirkimo-pardavimo-taisykles\/","title":{"rendered":"PREKI\u0172 GR\u0104\u017dINIMAS"},"content":{"rendered":"<div data-elementor-type=\"wp-page\" data-elementor-id=\"15711\" class=\"elementor elementor-15711\" data-elementor-post-type=\"page\">\n\t\t\t\t<div class=\"wd-negative-gap elementor-element elementor-element-9d948f0 e-flex e-con-boxed wd-section-disabled e-con e-parent\" data-id=\"9d948f0\" data-element_type=\"container\">\n\t\t\t\t\t<div class=\"e-con-inner\">\n\t\t\t\t<div class=\"elementor-element elementor-element-e023f79 elementor-widget elementor-widget-wd_text_block\" data-id=\"e023f79\" data-element_type=\"widget\" data-widget_type=\"wd_text_block.default\">\n\t\t\t\t<div class=\"elementor-widget-container\">\n\t\t\t\t\t<div class=\"wd-text-block reset-last-child text-center\">\n\t\t\t\n\t\t\t<h1>PREKI\u0172 GR\u0104\u017dINIMAS<\/h1>\n\t\t\t\t\t<\/div>\n\t\t\t\t<\/div>\n\t\t\t\t<\/div>\n\t\t\t\t\t<\/div>\n\t\t\t\t<\/div>\n\t\t<div class=\"wd-negative-gap elementor-element elementor-element-24b36a7 e-flex e-con-boxed wd-section-disabled e-con e-parent\" data-id=\"24b36a7\" data-element_type=\"container\">\n\t\t\t\t\t<div class=\"e-con-inner\">\n\t\t\t\t<div class=\"elementor-element elementor-element-3cb0da8 elementor-widget elementor-widget-wd_text_block\" data-id=\"3cb0da8\" data-element_type=\"widget\" data-widget_type=\"wd_text_block.default\">\n\t\t\t\t<div class=\"elementor-widget-container\">\n\t\t\t\t\t<div class=\"wd-text-block reset-last-child text-left\">\n\t\t\t\n\t\t\t<h4 style=\"font-family: Arial, 'Lato';\">1. Kokybi\u0161kos prek\u0117s gali b\u016bti gr\u0105\u017einamos per 14 dien\u0173 nuo j\u0173 gavimo dienos. Parduot\u0173 nekokybi\u0161k\u0173 preki\u0173 tr\u016bkumai \u0161alinami, nekokybi\u0161kos prek\u0117s kei\u010diamos, gr\u0105\u017einamos vadovaujantis Lietuvos Respublikos civilinio kodekso nuostatomis. <br \/><br \/>2. Gr\u0105\u017einant prekes b\u016btina laikytis \u0161i\u0173 s\u0105lyg\u0173: <br \/>2.1. Gr\u0105\u017einama prek\u0117 turi b\u016bti originalioje tvarkingoje pakuot\u0117je (\u0161is punktas netaikomas tuo atveju, kai gr\u0105\u017einama nekokybi\u0161ka prek\u0117); <br \/>2.2. Prek\u0117 turi b\u016bti Pirk\u0117jo nesugadinta; <br \/>2.3. Prek\u0117 turi b\u016bti nenaudota, nepraradusi prekin\u0117s i\u0161vaizdos: nepa\u017eeistos etiket\u0117s, nenupl\u0117\u0161tos apsaugin\u0117s pl\u0117vel\u0117s ir kt. (\u0161is punktas netaikomas tuo atveju, kai gr\u0105\u017einama nekokybi\u0161ka prek\u0117); <br \/>2.4. Gr\u0105\u017einama prek\u0117 turi b\u016bti tos pa\u010dios komplektacijos, kokios buvo Pirk\u0117jo gauta (\u0161is punktas netaikomas tuo atveju, kai gr\u0105\u017einama nekokybi\u0161ka prek\u0117); <br \/>2.5. Pardav\u0117jas turi teis\u0119 atsisakyti priimti Pirk\u0117jo gr\u0105\u017einamas prekes, jei buvo nesilaikoma preki\u0173 gr\u0105\u017einimo s\u0105lyg\u0173; <br \/>2.6. Preki\u0173 gr\u0105\u017einimas vykdomas Pardav\u0117jo nustatytu b\u016bdu per 14 (keturiolika) dien\u0173 nuo preki\u0173 gavimo dienos (\u0161is punktas netaikomas tuo atveju, kai prek\u0117 nekokybi\u0161ka - tokiu atveju vykdomas preki\u0173 gr\u0105\u017einimas per \u012fstatymin\u012f garantin\u012f termin\u0105); <br \/><br \/>3. Tinkamos kokyb\u0117s preki\u0173 gr\u0105\u017einimas ir keitimas vykdomas vadovaujantis Civilinio kodekso 6.22810 straipsnio 1 dalimi; <br \/><br \/>4. U\u017e Pirk\u0117jo priimtas, bet v\u0117liau atsisakytas prekes sumok\u0117ti pinigai gr\u0105\u017einami \u012f Pirk\u0117jo s\u0105skait\u0105 ne v\u0117liau kaip per 5 (penkias) dienas nuo prek\u0117s gr\u0105\u017einimo Pardav\u0117jui dienos, nebent Pardav\u0117jas ir Pirk\u0117jas susitaria kitaip. <\/h4>\n\t\t\t\t\t<\/div>\n\t\t\t\t<\/div>\n\t\t\t\t<\/div>\n\t\t\t\t\t<\/div>\n\t\t\t\t<\/div>\n\t\t\t\t<\/div>","protected":false},"excerpt":{"rendered":"<p>PREKI\u0172 GR\u0104\u017dINIMAS 1. Kokybi\u0161kos prek\u0117s gali b\u016bti gr\u0105\u017einamos per 14 dien\u0173 nuo j\u0173 gavimo dienos. Parduot\u0173 nekokybi\u0161k\u0173 preki\u0173 tr\u016bkumai \u0161alinami,<\/p>","protected":false},"author":1,"featured_media":0,"parent":0,"menu_order":0,"comment_status":"closed","ping_status":"closed","template":"","meta":{"footnotes":""},"class_list":["post-15711","page","type-page","status-publish","hentry"],"yoast_head":"<!-- This site is optimized with the Yoast SEO plugin v23.1 - https:\/\/yoast.com\/wordpress\/plugins\/seo\/ -->\n<title>R\u00fdytas. - Preki\u0173 Gr\u0105\u017einimas<\/title>\n<meta name=\"description\" content=\"Pakeisk savo rutin\u0105 su R\u00fdytas. funkcine kava, kitaip \u017einoma kaip gryb\u0173 kava. \u0160i kava, praturtinta gryb\u0173 ir \u017eoleli\u0173 ekstraktais, turin\u010diais nauding\u0173 savybi\u0173 k\u016bnui, ir yra puiki alternatyva tradicinei kavai \u2615\ufe0f\" \/>\n<meta name=\"robots\" content=\"index, follow, max-snippet:-1, max-image-preview:large, max-video-preview:-1\" \/>\n<link rel=\"canonical\" href=\"https:\/\/praktika1.ad2sky.com\/en\/prekiu-pirkimo-pardavimo-taisykles\/\" \/>\n<meta property=\"og:locale\" content=\"en_GB\" \/>\n<meta property=\"og:type\" content=\"article\" \/>\n<meta property=\"og:title\" content=\"R\u00fdytas. - Preki\u0173 Gr\u0105\u017einimas\" \/>\n<meta property=\"og:description\" content=\"Pakeisk savo rutin\u0105 su R\u00fdytas. funkcine kava, kitaip \u017einoma kaip gryb\u0173 kava. \u0160i kava, praturtinta gryb\u0173 ir \u017eoleli\u0173 ekstraktais, turin\u010diais nauding\u0173 savybi\u0173 k\u016bnui, ir yra puiki alternatyva tradicinei kavai \u2615\ufe0f\" \/>\n<meta property=\"og:url\" content=\"https:\/\/praktika1.ad2sky.com\/en\/prekiu-pirkimo-pardavimo-taisykles\/\" \/>\n<meta property=\"og:site_name\" content=\"R\u00fdytas\" \/>\n<meta property=\"article:publisher\" content=\"https:\/\/www.facebook.com\/profile.php?id=61553926027294\" \/>\n<meta property=\"article:modified_time\" content=\"2024-07-10T13:23:08+00:00\" \/>\n<meta property=\"og:image\" content=\"https:\/\/praktika1.ad2sky.com\/wp-content\/uploads\/2024\/03\/profile.jpg\" \/>\n\t<meta property=\"og:image:width\" content=\"800\" \/>\n\t<meta property=\"og:image:height\" content=\"800\" \/>\n\t<meta property=\"og:image:type\" content=\"image\/jpeg\" \/>\n<meta name=\"twitter:card\" content=\"summary_large_image\" \/>\n<meta name=\"twitter:label1\" content=\"Estimated reading time\" \/>\n\t<meta name=\"twitter:data1\" content=\"2 minutes\" \/>\n<script type=\"application\/ld+json\" class=\"yoast-schema-graph\">{\"@context\":\"https:\/\/schema.org\",\"@graph\":[{\"@type\":\"WebPage\",\"@id\":\"https:\/\/praktika1.ad2sky.com\/prekiu-pirkimo-pardavimo-taisykles\/\",\"url\":\"https:\/\/praktika1.ad2sky.com\/prekiu-pirkimo-pardavimo-taisykles\/\",\"name\":\"R\u00fdytas. - Preki\u0173 Gr\u0105\u017einimas\",\"isPartOf\":{\"@id\":\"https:\/\/praktika1.ad2sky.com\/#website\"},\"datePublished\":\"2023-12-01T07:32:21+00:00\",\"dateModified\":\"2024-07-10T13:23:08+00:00\",\"description\":\"Pakeisk savo rutin\u0105 su R\u00fdytas. funkcine kava, kitaip \u017einoma kaip gryb\u0173 kava. \u0160i kava, praturtinta gryb\u0173 ir \u017eoleli\u0173 ekstraktais, turin\u010diais nauding\u0173 savybi\u0173 k\u016bnui, ir yra puiki alternatyva tradicinei kavai \u2615\ufe0f\",\"breadcrumb\":{\"@id\":\"https:\/\/praktika1.ad2sky.com\/prekiu-pirkimo-pardavimo-taisykles\/#breadcrumb\"},\"inLanguage\":\"en-GB\",\"potentialAction\":[{\"@type\":\"ReadAction\",\"target\":[\"https:\/\/praktika1.ad2sky.com\/prekiu-pirkimo-pardavimo-taisykles\/\"]}]},{\"@type\":\"BreadcrumbList\",\"@id\":\"https:\/\/praktika1.ad2sky.com\/prekiu-pirkimo-pardavimo-taisykles\/#breadcrumb\",\"itemListElement\":[{\"@type\":\"ListItem\",\"position\":1,\"name\":\"Home\",\"item\":\"https:\/\/praktika1.ad2sky.com\/\"},{\"@type\":\"ListItem\",\"position\":2,\"name\":\"PREKI\u0172 GR\u0104\u017dINIMAS\"}]},{\"@type\":\"WebSite\",\"@id\":\"https:\/\/praktika1.ad2sky.com\/#website\",\"url\":\"https:\/\/praktika1.ad2sky.com\/\",\"name\":\"R\u00fdytas.\",\"description\":\"Revoliucija Puodelyje \u2013 Prover\u017eis Gyvenime\",\"publisher\":{\"@id\":\"https:\/\/praktika1.ad2sky.com\/#organization\"},\"potentialAction\":[{\"@type\":\"SearchAction\",\"target\":{\"@type\":\"EntryPoint\",\"urlTemplate\":\"https:\/\/praktika1.ad2sky.com\/?s={search_term_string}\"},\"query-input\":\"required name=search_term_string\"}],\"inLanguage\":\"en-GB\"},{\"@type\":\"Organization\",\"@id\":\"https:\/\/praktika1.ad2sky.com\/#organization\",\"name\":\"R\u00fdytas.\",\"url\":\"https:\/\/praktika1.ad2sky.com\/\",\"logo\":{\"@type\":\"ImageObject\",\"inLanguage\":\"en-GB\",\"@id\":\"https:\/\/praktika1.ad2sky.com\/#\/schema\/logo\/image\/\",\"url\":\"http:\/\/praktika1.ad2sky.com\/wp-content\/uploads\/2024\/04\/cropped-favicon.png\",\"contentUrl\":\"http:\/\/praktika1.ad2sky.com\/wp-content\/uploads\/2024\/04\/cropped-favicon.png\",\"width\":512,\"height\":512,\"caption\":\"R\u00fdytas.\"},\"image\":{\"@id\":\"https:\/\/praktika1.ad2sky.com\/#\/schema\/logo\/image\/\"},\"sameAs\":[\"https:\/\/www.facebook.com\/profile.php?id=61553926027294\",\"https:\/\/www.instagram.com\/ryytas_\/\"]}]}<\/script>\n<!-- \/ Yoast SEO plugin. -->","yoast_head_json":{"title":"R\u00fdytas. - Preki\u0173 Gr\u0105\u017einimas","description":"Pakeisk savo rutin\u0105 su R\u00fdytas. funkcine kava, kitaip \u017einoma kaip gryb\u0173 kava. \u0160i kava, praturtinta gryb\u0173 ir \u017eoleli\u0173 ekstraktais, turin\u010diais nauding\u0173 savybi\u0173 k\u016bnui, ir yra puiki alternatyva tradicinei kavai \u2615\ufe0f","robots":{"index":"index","follow":"follow","max-snippet":"max-snippet:-1","max-image-preview":"max-image-preview:large","max-video-preview":"max-video-preview:-1"},"canonical":"https:\/\/praktika1.ad2sky.com\/en\/prekiu-pirkimo-pardavimo-taisykles\/","og_locale":"en_GB","og_type":"article","og_title":"R\u00fdytas. - Preki\u0173 Gr\u0105\u017einimas","og_description":"Pakeisk savo rutin\u0105 su R\u00fdytas. funkcine kava, kitaip \u017einoma kaip gryb\u0173 kava. \u0160i kava, praturtinta gryb\u0173 ir \u017eoleli\u0173 ekstraktais, turin\u010diais nauding\u0173 savybi\u0173 k\u016bnui, ir yra puiki alternatyva tradicinei kavai \u2615\ufe0f","og_url":"https:\/\/praktika1.ad2sky.com\/en\/prekiu-pirkimo-pardavimo-taisykles\/","og_site_name":"R\u00fdytas","article_publisher":"https:\/\/www.facebook.com\/profile.php?id=61553926027294","article_modified_time":"2024-07-10T13:23:08+00:00","og_image":[{"width":800,"height":800,"url":"https:\/\/praktika1.ad2sky.com\/wp-content\/uploads\/2024\/03\/profile.jpg","type":"image\/jpeg"}],"twitter_card":"summary_large_image","twitter_misc":{"Estimated reading time":"2 minutes"},"schema":{"@context":"https:\/\/schema.org","@graph":[{"@type":"WebPage","@id":"https:\/\/praktika1.ad2sky.com\/prekiu-pirkimo-pardavimo-taisykles\/","url":"https:\/\/praktika1.ad2sky.com\/prekiu-pirkimo-pardavimo-taisykles\/","name":"R\u00fdytas. - Preki\u0173 Gr\u0105\u017einimas","isPartOf":{"@id":"https:\/\/praktika1.ad2sky.com\/#website"},"datePublished":"2023-12-01T07:32:21+00:00","dateModified":"2024-07-10T13:23:08+00:00","description":"Pakeisk savo rutin\u0105 su R\u00fdytas. funkcine kava, kitaip \u017einoma kaip gryb\u0173 kava. \u0160i kava, praturtinta gryb\u0173 ir \u017eoleli\u0173 ekstraktais, turin\u010diais nauding\u0173 savybi\u0173 k\u016bnui, ir yra puiki alternatyva tradicinei kavai \u2615\ufe0f","breadcrumb":{"@id":"https:\/\/praktika1.ad2sky.com\/prekiu-pirkimo-pardavimo-taisykles\/#breadcrumb"},"inLanguage":"en-GB","potentialAction":[{"@type":"ReadAction","target":["https:\/\/praktika1.ad2sky.com\/prekiu-pirkimo-pardavimo-taisykles\/"]}]},{"@type":"BreadcrumbList","@id":"https:\/\/praktika1.ad2sky.com\/prekiu-pirkimo-pardavimo-taisykles\/#breadcrumb","itemListElement":[{"@type":"ListItem","position":1,"name":"Home","item":"https:\/\/praktika1.ad2sky.com\/"},{"@type":"ListItem","position":2,"name":"PREKI\u0172 GR\u0104\u017dINIMAS"}]},{"@type":"WebSite","@id":"https:\/\/praktika1.ad2sky.com\/#website","url":"https:\/\/praktika1.ad2sky.com\/","name":"R\u00fdytas.","description":"Revoliucija Puodelyje \u2013 Prover\u017eis Gyvenime","publisher":{"@id":"https:\/\/praktika1.ad2sky.com\/#organization"},"potentialAction":[{"@type":"SearchAction","target":{"@type":"EntryPoint","urlTemplate":"https:\/\/praktika1.ad2sky.com\/?s={search_term_string}"},"query-input":"required name=search_term_string"}],"inLanguage":"en-GB"},{"@type":"Organization","@id":"https:\/\/praktika1.ad2sky.com\/#organization","name":"R\u00fdytas.","url":"https:\/\/praktika1.ad2sky.com\/","logo":{"@type":"ImageObject","inLanguage":"en-GB","@id":"https:\/\/praktika1.ad2sky.com\/#\/schema\/logo\/image\/","url":"http:\/\/praktika1.ad2sky.com\/wp-content\/uploads\/2024\/04\/cropped-favicon.png","contentUrl":"http:\/\/praktika1.ad2sky.com\/wp-content\/uploads\/2024\/04\/cropped-favicon.png","width":512,"height":512,"caption":"R\u00fdytas."},"image":{"@id":"https:\/\/praktika1.ad2sky.com\/#\/schema\/logo\/image\/"},"sameAs":["https:\/\/www.facebook.com\/profile.php?id=61553926027294","https:\/\/www.instagram.com\/ryytas_\/"]}]}},"_links":{"self":[{"href":"https:\/\/praktika1.ad2sky.com\/en\/wp-json\/wp\/v2\/pages\/15711"}],"collection":[{"href":"https:\/\/praktika1.ad2sky.com\/en\/wp-json\/wp\/v2\/pages"}],"about":[{"href":"https:\/\/praktika1.ad2sky.com\/en\/wp-json\/wp\/v2\/types\/page"}],"author":[{"embeddable":true,"href":"https:\/\/praktika1.ad2sky.com\/en\/wp-json\/wp\/v2\/users\/1"}],"replies":[{"embeddable":true,"href":"https:\/\/praktika1.ad2sky.com\/en\/wp-json\/wp\/v2\/comments?post=15711"}],"version-history":[{"count":19,"href":"https:\/\/praktika1.ad2sky.com\/en\/wp-json\/wp\/v2\/pages\/15711\/revisions"}],"predecessor-version":[{"id":17384,"href":"https:\/\/praktika1.ad2sky.com\/en\/wp-json\/wp\/v2\/pages\/15711\/revisions\/17384"}],"wp:attachment":[{"href":"https:\/\/praktika1.ad2sky.com\/en\/wp-json\/wp\/v2\/media?parent=15711"}],"curies":[{"name":"wp","href":"https:\/\/api.w.org\/{rel}","templated":true}]}}