{"id":15721,"date":"2023-12-01T09:48:01","date_gmt":"2023-12-01T07:48:01","guid":{"rendered":"https:\/\/praktika1.ad2sky.com\/?page_id=15721"},"modified":"2024-03-07T18:38:05","modified_gmt":"2024-03-07T16:38:05","slug":"prekiu-pristatymas","status":"publish","type":"page","link":"https:\/\/praktika1.ad2sky.com\/en\/prekiu-pristatymas\/","title":{"rendered":"PREKI\u0172 PRISTATYMAS"},"content":{"rendered":"<div data-elementor-type=\"wp-page\" data-elementor-id=\"15721\" class=\"elementor elementor-15721\" data-elementor-post-type=\"page\">\n\t\t\t\t<div class=\"wd-negative-gap elementor-element elementor-element-9d948f0 e-flex e-con-boxed wd-section-disabled e-con e-parent\" data-id=\"9d948f0\" data-element_type=\"container\">\n\t\t\t\t\t<div class=\"e-con-inner\">\n\t\t\t\t<div class=\"elementor-element elementor-element-e023f79 elementor-widget elementor-widget-wd_text_block\" data-id=\"e023f79\" data-element_type=\"widget\" data-widget_type=\"wd_text_block.default\">\n\t\t\t\t<div class=\"elementor-widget-container\">\n\t\t\t\t\t<div class=\"wd-text-block reset-last-child text-center\">\n\t\t\t\n\t\t\t<h1>PREKI\u0172 PRISTATYMAS<\/h1>\n\t\t\t\t\t<\/div>\n\t\t\t\t<\/div>\n\t\t\t\t<\/div>\n\t\t\t\t\t<\/div>\n\t\t\t\t<\/div>\n\t\t<div class=\"wd-negative-gap elementor-element elementor-element-a4ae0eb e-flex e-con-boxed wd-section-disabled e-con e-parent\" data-id=\"a4ae0eb\" data-element_type=\"container\">\n\t\t\t\t\t<div class=\"e-con-inner\">\n\t\t\t\t<div class=\"elementor-element elementor-element-4c6888f elementor-widget elementor-widget-wd_text_block\" data-id=\"4c6888f\" data-element_type=\"widget\" data-widget_type=\"wd_text_block.default\">\n\t\t\t\t<div class=\"elementor-widget-container\">\n\t\t\t\t\t<div class=\"wd-text-block reset-last-child text-left\">\n\t\t\t\n\t\t\t<h4 style=\"font-family: Arial, 'Lato';\">1. Pirk\u0117jas, u\u017esakydamas prekes, privalo nurodyti tiksl\u0173 preki\u0173 pristatymo adres\u0105. <br \/><br \/>2. Pirk\u0117jas privalo priimti prekes pats. Jeigu Pirk\u0117jas preki\u0173 priimti pats negali, bet prek\u0117s pristatytos Pirk\u0117jo nurodytu adresu, Pirk\u0117jas neturi teis\u0117s reik\u0161ti pretenzij\u0173 d\u0117l pristatyt\u0173 preki\u0173 netinkamam asmeniui. <br \/><br \/>3. Pardav\u0117jas pristato prekes Pirk\u0117jui vadovaudamasis preki\u0173 apra\u0161ymuose nurodytais terminais. <br \/><br \/>4. Vis\u0173 parduodam\u0173 preki\u0173 ypatyb\u0117s nurodomos prie kiekvienos prek\u0117s esan\u010diame apra\u0161yme. Pardav\u0117jas neatsako u\u017e tai, jog elektronin\u0117je parduotuv\u0117je esan\u010di\u0173 preki\u0173 spalva, forma ar kiti parametrai gali neatitikti realaus preki\u0173 dyd\u017eio, formos ir spalvos d\u0117l Pirk\u0117jo naudojamo monitoriaus ypatybi\u0173. <br \/><br \/>5. Pirk\u0117jui atsisakant prek\u0117s pirkimo-pardavimo sutarties, Pirk\u0117jui gr\u0105\u017einamos visos jo sumok\u0117tos sumos, \u012fskaitant Pirk\u0117jo sumok\u0117tas prek\u0117s pristatymo i\u0161laidas. <br \/><br \/>6. Da\u017enu atveju prek\u0117s atkeliauja per 1-5 d.d. <\/h4>\n\t\t\t\t\t<\/div>\n\t\t\t\t<\/div>\n\t\t\t\t<\/div>\n\t\t\t\t\t<\/div>\n\t\t\t\t<\/div>\n\t\t\t\t<\/div>","protected":false},"excerpt":{"rendered":"<p>PREKI\u0172 PRISTATYMAS 1. Pirk\u0117jas, u\u017esakydamas prekes, privalo nurodyti tiksl\u0173 preki\u0173 pristatymo adres\u0105. 2. Pirk\u0117jas privalo priimti prekes pats. Jeigu Pirk\u0117jas<\/p>","protected":false},"author":1,"featured_media":0,"parent":0,"menu_order":0,"comment_status":"closed","ping_status":"closed","template":"","meta":{"footnotes":""},"class_list":["post-15721","page","type-page","status-publish","hentry"],"yoast_head":"<!-- This site is optimized with the Yoast SEO plugin v23.1 - https:\/\/yoast.com\/wordpress\/plugins\/seo\/ -->\n<title>PREKI\u0172 PRISTATYMAS &#8211; Revoliucija Puodelyje \u2013 Prover\u017eis Gyvenime<\/title>\n<meta name=\"description\" content=\"Pakeisk savo rutin\u0105 su R\u00fdytas. funkcine kava, kitaip \u017einoma kaip gryb\u0173 kava. \u0160i kava, praturtinta gryb\u0173 ir \u017eoleli\u0173 ekstraktais, turin\u010diais nauding\u0173 savybi\u0173 k\u016bnui, ir yra puiki alternatyva tradicinei kavai \u2615\ufe0f\" \/>\n<meta name=\"robots\" content=\"index, follow, max-snippet:-1, max-image-preview:large, max-video-preview:-1\" \/>\n<link rel=\"canonical\" href=\"https:\/\/praktika1.ad2sky.com\/en\/prekiu-pristatymas\/\" \/>\n<meta property=\"og:locale\" content=\"en_GB\" \/>\n<meta property=\"og:type\" content=\"article\" \/>\n<meta property=\"og:title\" content=\"PREKI\u0172 PRISTATYMAS &#8211; Revoliucija Puodelyje \u2013 Prover\u017eis Gyvenime\" \/>\n<meta property=\"og:description\" content=\"Pakeisk savo rutin\u0105 su R\u00fdytas. funkcine kava, kitaip \u017einoma kaip gryb\u0173 kava. \u0160i kava, praturtinta gryb\u0173 ir \u017eoleli\u0173 ekstraktais, turin\u010diais nauding\u0173 savybi\u0173 k\u016bnui, ir yra puiki alternatyva tradicinei kavai \u2615\ufe0f\" \/>\n<meta property=\"og:url\" content=\"https:\/\/praktika1.ad2sky.com\/en\/prekiu-pristatymas\/\" \/>\n<meta property=\"og:site_name\" content=\"R\u00fdytas\" \/>\n<meta property=\"article:publisher\" content=\"https:\/\/www.facebook.com\/profile.php?id=61553926027294\" \/>\n<meta property=\"article:modified_time\" content=\"2024-03-07T16:38:05+00:00\" \/>\n<meta property=\"og:image\" content=\"https:\/\/praktika1.ad2sky.com\/wp-content\/uploads\/2024\/03\/profile.jpg\" \/>\n\t<meta property=\"og:image:width\" content=\"800\" \/>\n\t<meta property=\"og:image:height\" content=\"800\" \/>\n\t<meta property=\"og:image:type\" content=\"image\/jpeg\" \/>\n<meta name=\"twitter:card\" content=\"summary_large_image\" \/>\n<meta name=\"twitter:label1\" content=\"Estimated reading time\" \/>\n\t<meta name=\"twitter:data1\" content=\"1 minute\" \/>\n<script type=\"application\/ld+json\" class=\"yoast-schema-graph\">{\"@context\":\"https:\/\/schema.org\",\"@graph\":[{\"@type\":\"WebPage\",\"@id\":\"https:\/\/praktika1.ad2sky.com\/prekiu-pristatymas\/\",\"url\":\"https:\/\/praktika1.ad2sky.com\/prekiu-pristatymas\/\",\"name\":\"PREKI\u0172 PRISTATYMAS &#8211; Revoliucija Puodelyje \u2013 Prover\u017eis Gyvenime\",\"isPartOf\":{\"@id\":\"https:\/\/praktika1.ad2sky.com\/#website\"},\"datePublished\":\"2023-12-01T07:48:01+00:00\",\"dateModified\":\"2024-03-07T16:38:05+00:00\",\"description\":\"Pakeisk savo rutin\u0105 su R\u00fdytas. funkcine kava, kitaip \u017einoma kaip gryb\u0173 kava. \u0160i kava, praturtinta gryb\u0173 ir \u017eoleli\u0173 ekstraktais, turin\u010diais nauding\u0173 savybi\u0173 k\u016bnui, ir yra puiki alternatyva tradicinei kavai \u2615\ufe0f\",\"breadcrumb\":{\"@id\":\"https:\/\/praktika1.ad2sky.com\/prekiu-pristatymas\/#breadcrumb\"},\"inLanguage\":\"en-GB\",\"potentialAction\":[{\"@type\":\"ReadAction\",\"target\":[\"https:\/\/praktika1.ad2sky.com\/prekiu-pristatymas\/\"]}]},{\"@type\":\"BreadcrumbList\",\"@id\":\"https:\/\/praktika1.ad2sky.com\/prekiu-pristatymas\/#breadcrumb\",\"itemListElement\":[{\"@type\":\"ListItem\",\"position\":1,\"name\":\"Home\",\"item\":\"https:\/\/praktika1.ad2sky.com\/\"},{\"@type\":\"ListItem\",\"position\":2,\"name\":\"PREKI\u0172 PRISTATYMAS\"}]},{\"@type\":\"WebSite\",\"@id\":\"https:\/\/praktika1.ad2sky.com\/#website\",\"url\":\"https:\/\/praktika1.ad2sky.com\/\",\"name\":\"R\u00fdytas.\",\"description\":\"Revoliucija Puodelyje \u2013 Prover\u017eis Gyvenime\",\"publisher\":{\"@id\":\"https:\/\/praktika1.ad2sky.com\/#organization\"},\"potentialAction\":[{\"@type\":\"SearchAction\",\"target\":{\"@type\":\"EntryPoint\",\"urlTemplate\":\"https:\/\/praktika1.ad2sky.com\/?s={search_term_string}\"},\"query-input\":\"required name=search_term_string\"}],\"inLanguage\":\"en-GB\"},{\"@type\":\"Organization\",\"@id\":\"https:\/\/praktika1.ad2sky.com\/#organization\",\"name\":\"R\u00fdytas.\",\"url\":\"https:\/\/praktika1.ad2sky.com\/\",\"logo\":{\"@type\":\"ImageObject\",\"inLanguage\":\"en-GB\",\"@id\":\"https:\/\/praktika1.ad2sky.com\/#\/schema\/logo\/image\/\",\"url\":\"http:\/\/praktika1.ad2sky.com\/wp-content\/uploads\/2024\/04\/cropped-favicon.png\",\"contentUrl\":\"http:\/\/praktika1.ad2sky.com\/wp-content\/uploads\/2024\/04\/cropped-favicon.png\",\"width\":512,\"height\":512,\"caption\":\"R\u00fdytas.\"},\"image\":{\"@id\":\"https:\/\/praktika1.ad2sky.com\/#\/schema\/logo\/image\/\"},\"sameAs\":[\"https:\/\/www.facebook.com\/profile.php?id=61553926027294\",\"https:\/\/www.instagram.com\/ryytas_\/\"]}]}<\/script>\n<!-- \/ Yoast SEO plugin. -->","yoast_head_json":{"title":"PREKI\u0172 PRISTATYMAS &#8211; Revoliucija Puodelyje \u2013 Prover\u017eis Gyvenime","description":"Pakeisk savo rutin\u0105 su R\u00fdytas. funkcine kava, kitaip \u017einoma kaip gryb\u0173 kava. \u0160i kava, praturtinta gryb\u0173 ir \u017eoleli\u0173 ekstraktais, turin\u010diais nauding\u0173 savybi\u0173 k\u016bnui, ir yra puiki alternatyva tradicinei kavai \u2615\ufe0f","robots":{"index":"index","follow":"follow","max-snippet":"max-snippet:-1","max-image-preview":"max-image-preview:large","max-video-preview":"max-video-preview:-1"},"canonical":"https:\/\/praktika1.ad2sky.com\/en\/prekiu-pristatymas\/","og_locale":"en_GB","og_type":"article","og_title":"PREKI\u0172 PRISTATYMAS &#8211; Revoliucija Puodelyje \u2013 Prover\u017eis Gyvenime","og_description":"Pakeisk savo rutin\u0105 su R\u00fdytas. funkcine kava, kitaip \u017einoma kaip gryb\u0173 kava. \u0160i kava, praturtinta gryb\u0173 ir \u017eoleli\u0173 ekstraktais, turin\u010diais nauding\u0173 savybi\u0173 k\u016bnui, ir yra puiki alternatyva tradicinei kavai \u2615\ufe0f","og_url":"https:\/\/praktika1.ad2sky.com\/en\/prekiu-pristatymas\/","og_site_name":"R\u00fdytas","article_publisher":"https:\/\/www.facebook.com\/profile.php?id=61553926027294","article_modified_time":"2024-03-07T16:38:05+00:00","og_image":[{"width":800,"height":800,"url":"https:\/\/praktika1.ad2sky.com\/wp-content\/uploads\/2024\/03\/profile.jpg","type":"image\/jpeg"}],"twitter_card":"summary_large_image","twitter_misc":{"Estimated reading time":"1 minute"},"schema":{"@context":"https:\/\/schema.org","@graph":[{"@type":"WebPage","@id":"https:\/\/praktika1.ad2sky.com\/prekiu-pristatymas\/","url":"https:\/\/praktika1.ad2sky.com\/prekiu-pristatymas\/","name":"PREKI\u0172 PRISTATYMAS &#8211; Revoliucija Puodelyje \u2013 Prover\u017eis Gyvenime","isPartOf":{"@id":"https:\/\/praktika1.ad2sky.com\/#website"},"datePublished":"2023-12-01T07:48:01+00:00","dateModified":"2024-03-07T16:38:05+00:00","description":"Pakeisk savo rutin\u0105 su R\u00fdytas. funkcine kava, kitaip \u017einoma kaip gryb\u0173 kava. \u0160i kava, praturtinta gryb\u0173 ir \u017eoleli\u0173 ekstraktais, turin\u010diais nauding\u0173 savybi\u0173 k\u016bnui, ir yra puiki alternatyva tradicinei kavai \u2615\ufe0f","breadcrumb":{"@id":"https:\/\/praktika1.ad2sky.com\/prekiu-pristatymas\/#breadcrumb"},"inLanguage":"en-GB","potentialAction":[{"@type":"ReadAction","target":["https:\/\/praktika1.ad2sky.com\/prekiu-pristatymas\/"]}]},{"@type":"BreadcrumbList","@id":"https:\/\/praktika1.ad2sky.com\/prekiu-pristatymas\/#breadcrumb","itemListElement":[{"@type":"ListItem","position":1,"name":"Home","item":"https:\/\/praktika1.ad2sky.com\/"},{"@type":"ListItem","position":2,"name":"PREKI\u0172 PRISTATYMAS"}]},{"@type":"WebSite","@id":"https:\/\/praktika1.ad2sky.com\/#website","url":"https:\/\/praktika1.ad2sky.com\/","name":"R\u00fdytas.","description":"Revoliucija Puodelyje \u2013 Prover\u017eis Gyvenime","publisher":{"@id":"https:\/\/praktika1.ad2sky.com\/#organization"},"potentialAction":[{"@type":"SearchAction","target":{"@type":"EntryPoint","urlTemplate":"https:\/\/praktika1.ad2sky.com\/?s={search_term_string}"},"query-input":"required name=search_term_string"}],"inLanguage":"en-GB"},{"@type":"Organization","@id":"https:\/\/praktika1.ad2sky.com\/#organization","name":"R\u00fdytas.","url":"https:\/\/praktika1.ad2sky.com\/","logo":{"@type":"ImageObject","inLanguage":"en-GB","@id":"https:\/\/praktika1.ad2sky.com\/#\/schema\/logo\/image\/","url":"http:\/\/praktika1.ad2sky.com\/wp-content\/uploads\/2024\/04\/cropped-favicon.png","contentUrl":"http:\/\/praktika1.ad2sky.com\/wp-content\/uploads\/2024\/04\/cropped-favicon.png","width":512,"height":512,"caption":"R\u00fdytas."},"image":{"@id":"https:\/\/praktika1.ad2sky.com\/#\/schema\/logo\/image\/"},"sameAs":["https:\/\/www.facebook.com\/profile.php?id=61553926027294","https:\/\/www.instagram.com\/ryytas_\/"]}]}},"_links":{"self":[{"href":"https:\/\/praktika1.ad2sky.com\/en\/wp-json\/wp\/v2\/pages\/15721"}],"collection":[{"href":"https:\/\/praktika1.ad2sky.com\/en\/wp-json\/wp\/v2\/pages"}],"about":[{"href":"https:\/\/praktika1.ad2sky.com\/en\/wp-json\/wp\/v2\/types\/page"}],"author":[{"embeddable":true,"href":"https:\/\/praktika1.ad2sky.com\/en\/wp-json\/wp\/v2\/users\/1"}],"replies":[{"embeddable":true,"href":"https:\/\/praktika1.ad2sky.com\/en\/wp-json\/wp\/v2\/comments?post=15721"}],"version-history":[{"count":19,"href":"https:\/\/praktika1.ad2sky.com\/en\/wp-json\/wp\/v2\/pages\/15721\/revisions"}],"predecessor-version":[{"id":17381,"href":"https:\/\/praktika1.ad2sky.com\/en\/wp-json\/wp\/v2\/pages\/15721\/revisions\/17381"}],"wp:attachment":[{"href":"https:\/\/praktika1.ad2sky.com\/en\/wp-json\/wp\/v2\/media?parent=15721"}],"curies":[{"name":"wp","href":"https:\/\/api.w.org\/{rel}","templated":true}]}}