{"id":411,"date":"2021-08-27T12:19:36","date_gmt":"2021-08-27T12:19:36","guid":{"rendered":"http:\/\/dummy.xtemos.com\/woodmart2\/elementor\/?post_type=product&#038;p=411"},"modified":"2024-09-25T10:32:16","modified_gmt":"2024-09-25T07:32:16","slug":"funkcine-kava","status":"publish","type":"product","link":"https:\/\/praktika1.ad2sky.com\/en\/product\/funkcine-kava\/","title":{"rendered":"Funkcin\u0117 kava"},"content":{"rendered":"","protected":false},"excerpt":{"rendered":"<p>Lion\u2019s Mane, Ginkmedis, Kor\u0117jieti\u0161kas \u017den\u0161enis Reishi, shiitake, Maitake, Oyster, <\/p>","protected":false},"featured_media":18511,"comment_status":"closed","ping_status":"closed","template":"","meta":[],"product_cat":[21],"product_tag":[],"class_list":{"0":"post-411","1":"product","2":"type-product","3":"status-publish","4":"has-post-thumbnail","6":"product_cat-accessories","8":"first","9":"instock","10":"shipping-taxable","11":"purchasable","12":"product-type-simple"},"yoast_head":"<!-- This site is optimized with the Yoast SEO plugin v23.1 - https:\/\/yoast.com\/wordpress\/plugins\/seo\/ -->\n<title>Funkcin\u0117 kava &#8211; R\u00fdytas<\/title>\n<meta name=\"robots\" content=\"index, follow, max-snippet:-1, max-image-preview:large, max-video-preview:-1\" \/>\n<link rel=\"canonical\" href=\"https:\/\/praktika1.ad2sky.com\/en\/product\/funkcine-kava\/\" \/>\n<meta property=\"og:locale\" content=\"en_GB\" \/>\n<meta property=\"og:type\" content=\"article\" \/>\n<meta property=\"og:title\" content=\"Funkcin\u0117 kava &#8211; R\u00fdytas\" \/>\n<meta property=\"og:description\" content=\"Lion\u2019s Mane, Ginkmedis, Kor\u0117jieti\u0161kas \u017den\u0161enis Reishi, shiitake, Maitake, Oyster,\" \/>\n<meta property=\"og:url\" content=\"https:\/\/praktika1.ad2sky.com\/en\/product\/funkcine-kava\/\" \/>\n<meta property=\"og:site_name\" content=\"R\u00fdytas\" \/>\n<meta property=\"article:publisher\" content=\"https:\/\/www.facebook.com\/profile.php?id=61553926027294\" \/>\n<meta property=\"article:modified_time\" content=\"2024-09-25T07:32:16+00:00\" \/>\n<meta property=\"og:image\" content=\"http:\/\/praktika1.ad2sky.com\/wp-content\/uploads\/2024\/08\/section-three-zoom.webp\" \/>\n\t<meta property=\"og:image:width\" content=\"1143\" \/>\n\t<meta property=\"og:image:height\" content=\"1373\" \/>\n\t<meta property=\"og:image:type\" content=\"image\/webp\" \/>\n<meta name=\"twitter:card\" content=\"summary_large_image\" \/>\n<meta name=\"twitter:label1\" content=\"Estimated reading time\" \/>\n\t<meta name=\"twitter:data1\" content=\"1 minute\" \/>\n<script type=\"application\/ld+json\" class=\"yoast-schema-graph\">{\"@context\":\"https:\/\/schema.org\",\"@graph\":[{\"@type\":\"WebPage\",\"@id\":\"https:\/\/praktika1.ad2sky.com\/product\/funkcine-kava\/\",\"url\":\"https:\/\/praktika1.ad2sky.com\/product\/funkcine-kava\/\",\"name\":\"Funkcin\u0117 kava &#8211; R\u00fdytas\",\"isPartOf\":{\"@id\":\"https:\/\/praktika1.ad2sky.com\/#website\"},\"primaryImageOfPage\":{\"@id\":\"https:\/\/praktika1.ad2sky.com\/product\/funkcine-kava\/#primaryimage\"},\"image\":{\"@id\":\"https:\/\/praktika1.ad2sky.com\/product\/funkcine-kava\/#primaryimage\"},\"thumbnailUrl\":\"https:\/\/praktika1.ad2sky.com\/wp-content\/uploads\/2024\/08\/section-three-zoom.webp\",\"datePublished\":\"2021-08-27T12:19:36+00:00\",\"dateModified\":\"2024-09-25T07:32:16+00:00\",\"breadcrumb\":{\"@id\":\"https:\/\/praktika1.ad2sky.com\/product\/funkcine-kava\/#breadcrumb\"},\"inLanguage\":\"en-GB\",\"potentialAction\":[{\"@type\":\"ReadAction\",\"target\":[\"https:\/\/praktika1.ad2sky.com\/product\/funkcine-kava\/\"]}]},{\"@type\":\"ImageObject\",\"inLanguage\":\"en-GB\",\"@id\":\"https:\/\/praktika1.ad2sky.com\/product\/funkcine-kava\/#primaryimage\",\"url\":\"https:\/\/praktika1.ad2sky.com\/wp-content\/uploads\/2024\/08\/section-three-zoom.webp\",\"contentUrl\":\"https:\/\/praktika1.ad2sky.com\/wp-content\/uploads\/2024\/08\/section-three-zoom.webp\",\"width\":1143,\"height\":1373},{\"@type\":\"BreadcrumbList\",\"@id\":\"https:\/\/praktika1.ad2sky.com\/product\/funkcine-kava\/#breadcrumb\",\"itemListElement\":[{\"@type\":\"ListItem\",\"position\":1,\"name\":\"Home\",\"item\":\"https:\/\/praktika1.ad2sky.com\/\"},{\"@type\":\"ListItem\",\"position\":2,\"name\":\"Shop\",\"item\":\"https:\/\/praktika1.ad2sky.com\/shop\/\"},{\"@type\":\"ListItem\",\"position\":3,\"name\":\"Funkcin\u0117 kava\"}]},{\"@type\":\"WebSite\",\"@id\":\"https:\/\/praktika1.ad2sky.com\/#website\",\"url\":\"https:\/\/praktika1.ad2sky.com\/\",\"name\":\"R\u00fdytas.\",\"description\":\"Revoliucija Puodelyje \u2013 Prover\u017eis Gyvenime\",\"publisher\":{\"@id\":\"https:\/\/praktika1.ad2sky.com\/#organization\"},\"potentialAction\":[{\"@type\":\"SearchAction\",\"target\":{\"@type\":\"EntryPoint\",\"urlTemplate\":\"https:\/\/praktika1.ad2sky.com\/?s={search_term_string}\"},\"query-input\":\"required name=search_term_string\"}],\"inLanguage\":\"en-GB\"},{\"@type\":\"Organization\",\"@id\":\"https:\/\/praktika1.ad2sky.com\/#organization\",\"name\":\"R\u00fdytas.\",\"url\":\"https:\/\/praktika1.ad2sky.com\/\",\"logo\":{\"@type\":\"ImageObject\",\"inLanguage\":\"en-GB\",\"@id\":\"https:\/\/praktika1.ad2sky.com\/#\/schema\/logo\/image\/\",\"url\":\"http:\/\/praktika1.ad2sky.com\/wp-content\/uploads\/2024\/04\/cropped-favicon.png\",\"contentUrl\":\"http:\/\/praktika1.ad2sky.com\/wp-content\/uploads\/2024\/04\/cropped-favicon.png\",\"width\":512,\"height\":512,\"caption\":\"R\u00fdytas.\"},\"image\":{\"@id\":\"https:\/\/praktika1.ad2sky.com\/#\/schema\/logo\/image\/\"},\"sameAs\":[\"https:\/\/www.facebook.com\/profile.php?id=61553926027294\",\"https:\/\/www.instagram.com\/ryytas_\/\"]}]}<\/script>\n<!-- \/ Yoast SEO plugin. -->","yoast_head_json":{"title":"Funkcin\u0117 kava &#8211; R\u00fdytas","robots":{"index":"index","follow":"follow","max-snippet":"max-snippet:-1","max-image-preview":"max-image-preview:large","max-video-preview":"max-video-preview:-1"},"canonical":"https:\/\/praktika1.ad2sky.com\/en\/product\/funkcine-kava\/","og_locale":"en_GB","og_type":"article","og_title":"Funkcin\u0117 kava &#8211; R\u00fdytas","og_description":"Lion\u2019s Mane, Ginkmedis, Kor\u0117jieti\u0161kas \u017den\u0161enis Reishi, shiitake, Maitake, Oyster,","og_url":"https:\/\/praktika1.ad2sky.com\/en\/product\/funkcine-kava\/","og_site_name":"R\u00fdytas","article_publisher":"https:\/\/www.facebook.com\/profile.php?id=61553926027294","article_modified_time":"2024-09-25T07:32:16+00:00","og_image":[{"width":1143,"height":1373,"url":"http:\/\/praktika1.ad2sky.com\/wp-content\/uploads\/2024\/08\/section-three-zoom.webp","type":"image\/webp"}],"twitter_card":"summary_large_image","twitter_misc":{"Estimated reading time":"1 minute"},"schema":{"@context":"https:\/\/schema.org","@graph":[{"@type":"WebPage","@id":"https:\/\/praktika1.ad2sky.com\/product\/funkcine-kava\/","url":"https:\/\/praktika1.ad2sky.com\/product\/funkcine-kava\/","name":"Funkcin\u0117 kava &#8211; R\u00fdytas","isPartOf":{"@id":"https:\/\/praktika1.ad2sky.com\/#website"},"primaryImageOfPage":{"@id":"https:\/\/praktika1.ad2sky.com\/product\/funkcine-kava\/#primaryimage"},"image":{"@id":"https:\/\/praktika1.ad2sky.com\/product\/funkcine-kava\/#primaryimage"},"thumbnailUrl":"https:\/\/praktika1.ad2sky.com\/wp-content\/uploads\/2024\/08\/section-three-zoom.webp","datePublished":"2021-08-27T12:19:36+00:00","dateModified":"2024-09-25T07:32:16+00:00","breadcrumb":{"@id":"https:\/\/praktika1.ad2sky.com\/product\/funkcine-kava\/#breadcrumb"},"inLanguage":"en-GB","potentialAction":[{"@type":"ReadAction","target":["https:\/\/praktika1.ad2sky.com\/product\/funkcine-kava\/"]}]},{"@type":"ImageObject","inLanguage":"en-GB","@id":"https:\/\/praktika1.ad2sky.com\/product\/funkcine-kava\/#primaryimage","url":"https:\/\/praktika1.ad2sky.com\/wp-content\/uploads\/2024\/08\/section-three-zoom.webp","contentUrl":"https:\/\/praktika1.ad2sky.com\/wp-content\/uploads\/2024\/08\/section-three-zoom.webp","width":1143,"height":1373},{"@type":"BreadcrumbList","@id":"https:\/\/praktika1.ad2sky.com\/product\/funkcine-kava\/#breadcrumb","itemListElement":[{"@type":"ListItem","position":1,"name":"Home","item":"https:\/\/praktika1.ad2sky.com\/"},{"@type":"ListItem","position":2,"name":"Shop","item":"https:\/\/praktika1.ad2sky.com\/shop\/"},{"@type":"ListItem","position":3,"name":"Funkcin\u0117 kava"}]},{"@type":"WebSite","@id":"https:\/\/praktika1.ad2sky.com\/#website","url":"https:\/\/praktika1.ad2sky.com\/","name":"R\u00fdytas.","description":"Revoliucija Puodelyje \u2013 Prover\u017eis Gyvenime","publisher":{"@id":"https:\/\/praktika1.ad2sky.com\/#organization"},"potentialAction":[{"@type":"SearchAction","target":{"@type":"EntryPoint","urlTemplate":"https:\/\/praktika1.ad2sky.com\/?s={search_term_string}"},"query-input":"required name=search_term_string"}],"inLanguage":"en-GB"},{"@type":"Organization","@id":"https:\/\/praktika1.ad2sky.com\/#organization","name":"R\u00fdytas.","url":"https:\/\/praktika1.ad2sky.com\/","logo":{"@type":"ImageObject","inLanguage":"en-GB","@id":"https:\/\/praktika1.ad2sky.com\/#\/schema\/logo\/image\/","url":"http:\/\/praktika1.ad2sky.com\/wp-content\/uploads\/2024\/04\/cropped-favicon.png","contentUrl":"http:\/\/praktika1.ad2sky.com\/wp-content\/uploads\/2024\/04\/cropped-favicon.png","width":512,"height":512,"caption":"R\u00fdytas."},"image":{"@id":"https:\/\/praktika1.ad2sky.com\/#\/schema\/logo\/image\/"},"sameAs":["https:\/\/www.facebook.com\/profile.php?id=61553926027294","https:\/\/www.instagram.com\/ryytas_\/"]}]}},"_links":{"self":[{"href":"https:\/\/praktika1.ad2sky.com\/en\/wp-json\/wp\/v2\/product\/411"}],"collection":[{"href":"https:\/\/praktika1.ad2sky.com\/en\/wp-json\/wp\/v2\/product"}],"about":[{"href":"https:\/\/praktika1.ad2sky.com\/en\/wp-json\/wp\/v2\/types\/product"}],"replies":[{"embeddable":true,"href":"https:\/\/praktika1.ad2sky.com\/en\/wp-json\/wp\/v2\/comments?post=411"}],"version-history":[{"count":8,"href":"https:\/\/praktika1.ad2sky.com\/en\/wp-json\/wp\/v2\/product\/411\/revisions"}],"predecessor-version":[{"id":18249,"href":"https:\/\/praktika1.ad2sky.com\/en\/wp-json\/wp\/v2\/product\/411\/revisions\/18249"}],"wp:featuredmedia":[{"embeddable":true,"href":"https:\/\/praktika1.ad2sky.com\/en\/wp-json\/wp\/v2\/media\/18511"}],"wp:attachment":[{"href":"https:\/\/praktika1.ad2sky.com\/en\/wp-json\/wp\/v2\/media?parent=411"}],"wp:term":[{"taxonomy":"product_cat","embeddable":true,"href":"https:\/\/praktika1.ad2sky.com\/en\/wp-json\/wp\/v2\/product_cat?post=411"},{"taxonomy":"product_tag","embeddable":true,"href":"https:\/\/praktika1.ad2sky.com\/en\/wp-json\/wp\/v2\/product_tag?post=411"}],"curies":[{"name":"wp","href":"https:\/\/api.w.org\/{rel}","templated":true}]}}